{"id":4683,"date":"2018-02-12T09:40:46","date_gmt":"2018-02-12T08:40:46","guid":{"rendered":"http:\/\/www.visualizer.it\/public\/NEWSITE\/?page_id=4683"},"modified":"2018-05-15T15:31:30","modified_gmt":"2018-05-15T13:31:30","slug":"clienti","status":"publish","type":"page","link":"https:\/\/www.visualizer.it\/it_it\/clienti\/","title":{"rendered":"Clienti"},"content":{"rendered":"<section class=\"wpb-content-wrapper\"><div class=\"vc_row wpb_row vc_row-fluid\"><div class=\"wpb_column vc_column_container vc_col-sm-12\"><div class=\"vc_column-inner\"><div class=\"wpb_wrapper\">\n\t<div class=\"wpb_text_column wpb_content_element \" >\n\t\t<div class=\"wpb_wrapper\">\n\t\t\t<p style=\"text-align: center; font-size: 90%;\"><strong>Visualizer.it<\/strong> \u00e8 il punto di riferimento per le pi\u00f9 importanti agenzie italiane e internazionali che si occupano di pubblicit\u00e0, organizzazione di eventi, produzioni cinematografiche e di animazione<\/p>\n\n\t\t<\/div>\n\t<\/div>\n\n\t<div  class=\"wpb_single_image wpb_content_element vc_align_center\">\n\t\t\n\t\t<figure class=\"wpb_wrapper vc_figure\">\n\t\t\t<div class=\"vc_single_image-wrapper vc_box_shadow  vc_box_border_grey\"><img loading=\"lazy\" decoding=\"async\" width=\"3920\" height=\"1225\" src=\"https:\/\/www.visualizer.it\/public\/NEWSITE\/wp-content\/uploads\/2018\/02\/clienti.jpg\" class=\"vc_single_image-img attachment-full\" alt=\"clienti della community Visualizer\" title=\"clienti della community Visualizer\" srcset=\"https:\/\/www.visualizer.it\/public\/NEWSITE\/wp-content\/uploads\/2018\/02\/clienti.jpg 3920w, https:\/\/www.visualizer.it\/public\/NEWSITE\/wp-content\/uploads\/2018\/02\/clienti-300x94.jpg 300w, https:\/\/www.visualizer.it\/public\/NEWSITE\/wp-content\/uploads\/2018\/02\/clienti-768x240.jpg 768w, https:\/\/www.visualizer.it\/public\/NEWSITE\/wp-content\/uploads\/2018\/02\/clienti-1024x320.jpg 1024w, https:\/\/www.visualizer.it\/public\/NEWSITE\/wp-content\/uploads\/2018\/02\/clienti-800x250.jpg 800w, https:\/\/www.visualizer.it\/public\/NEWSITE\/wp-content\/uploads\/2018\/02\/clienti-80x25.jpg 80w\" sizes=\"(max-width: 3920px) 100vw, 3920px\" \/><\/div>\n\t\t<\/figure>\n\t<\/div>\n<\/div><\/div><\/div><\/div>\n<\/section>","protected":false},"excerpt":{"rendered":"Visualizer.it \u00e8 il punto di riferimento per le pi\u00f9 importanti agenzie italiane e internazionali che si occupano di pubblicit\u00e0, organizzazione...","protected":false},"author":1,"featured_media":0,"parent":0,"menu_order":0,"comment_status":"closed","ping_status":"closed","template":"","meta":{"_monsterinsights_skip_tracking":false,"_monsterinsights_sitenote_active":false,"_monsterinsights_sitenote_note":"","_monsterinsights_sitenote_category":0,"footnotes":""},"acf":[],"yoast_head":"<!-- This site is optimized with the Yoast SEO plugin v22.8 - https:\/\/yoast.com\/wordpress\/plugins\/seo\/ -->\r\n<title>Benvenuto nella pagina clienti della community Visualizer<\/title>\r\n<meta name=\"description\" content=\"Ecco alcuni clienti della community Visualizer, agenzie italiane e internazionali che si sono gi\u00e0 affidate ai servizi della prima community di illustratori dedicata all&#039;arte del layout\" \/>\r\n<meta name=\"robots\" content=\"index, follow, max-snippet:-1, max-image-preview:large, max-video-preview:-1\" \/>\r\n<link rel=\"canonical\" href=\"https:\/\/www.visualizer.it\/it_it\/clienti\/\" \/>\r\n<meta property=\"og:locale\" content=\"it_IT\" \/>\r\n<meta property=\"og:type\" content=\"article\" \/>\r\n<meta property=\"og:title\" content=\"Benvenuto nella pagina clienti della community Visualizer\" \/>\r\n<meta property=\"og:description\" content=\"Ecco alcuni clienti della community Visualizer, agenzie italiane e internazionali che si sono gi\u00e0 affidate ai servizi della prima community di illustratori dedicata all&#039;arte del layout\" \/>\r\n<meta property=\"og:url\" content=\"https:\/\/www.visualizer.it\/it_it\/clienti\/\" \/>\r\n<meta property=\"og:site_name\" content=\"Visualizer | Storyboard &amp; Layout Community\" \/>\r\n<meta property=\"article:publisher\" content=\"https:\/\/www.facebook.com\/visualizer.it\/\" \/>\r\n<meta property=\"article:modified_time\" content=\"2018-05-15T13:31:30+00:00\" \/>\r\n<meta name=\"twitter:card\" content=\"summary_large_image\" \/>\r\n<script type=\"application\/ld+json\" class=\"yoast-schema-graph\">{\"@context\":\"https:\/\/schema.org\",\"@graph\":[{\"@type\":\"WebPage\",\"@id\":\"https:\/\/www.visualizer.it\/en\/clienti\/\",\"url\":\"https:\/\/www.visualizer.it\/en\/clienti\/\",\"name\":\"Benvenuto nella pagina clienti della community Visualizer\",\"isPartOf\":{\"@id\":\"https:\/\/www.visualizer.it\/it_it\/#website\"},\"datePublished\":\"2018-02-12T08:40:46+00:00\",\"dateModified\":\"2018-05-15T13:31:30+00:00\",\"description\":\"Ecco alcuni clienti della community Visualizer, agenzie italiane e internazionali che si sono gi\u00e0 affidate ai servizi della prima community di illustratori dedicata all'arte del layout\",\"breadcrumb\":{\"@id\":\"https:\/\/www.visualizer.it\/en\/clienti\/#breadcrumb\"},\"inLanguage\":\"it-IT\",\"potentialAction\":[{\"@type\":\"ReadAction\",\"target\":[\"https:\/\/www.visualizer.it\/en\/clienti\/\"]}]},{\"@type\":\"BreadcrumbList\",\"@id\":\"https:\/\/www.visualizer.it\/en\/clienti\/#breadcrumb\",\"itemListElement\":[{\"@type\":\"ListItem\",\"position\":1,\"name\":\"Home\",\"item\":\"https:\/\/www.visualizer.it\/it_it\/\"},{\"@type\":\"ListItem\",\"position\":2,\"name\":\"Clienti\"}]},{\"@type\":\"WebSite\",\"@id\":\"https:\/\/www.visualizer.it\/it_it\/#website\",\"url\":\"https:\/\/www.visualizer.it\/it_it\/\",\"name\":\"Visualizer | Storyboard &amp; Layout Community\",\"description\":\"Community italiana di artisti del layout, storyboard artist, delle illustrazioni per eventi\",\"publisher\":{\"@id\":\"https:\/\/www.visualizer.it\/it_it\/#organization\"},\"potentialAction\":[{\"@type\":\"SearchAction\",\"target\":{\"@type\":\"EntryPoint\",\"urlTemplate\":\"https:\/\/www.visualizer.it\/it_it\/?s={search_term_string}\"},\"query-input\":\"required name=search_term_string\"}],\"inLanguage\":\"it-IT\"},{\"@type\":\"Organization\",\"@id\":\"https:\/\/www.visualizer.it\/it_it\/#organization\",\"name\":\"Visualizer Community\",\"url\":\"https:\/\/www.visualizer.it\/it_it\/\",\"logo\":{\"@type\":\"ImageObject\",\"inLanguage\":\"it-IT\",\"@id\":\"https:\/\/www.visualizer.it\/it_it\/#\/schema\/logo\/image\/\",\"url\":\"https:\/\/www.visualizer.it\/public\/NEWSITE\/wp-content\/uploads\/2015\/01\/favicon.jpg\",\"contentUrl\":\"https:\/\/www.visualizer.it\/public\/NEWSITE\/wp-content\/uploads\/2015\/01\/favicon.jpg\",\"width\":512,\"height\":512,\"caption\":\"Visualizer Community\"},\"image\":{\"@id\":\"https:\/\/www.visualizer.it\/it_it\/#\/schema\/logo\/image\/\"},\"sameAs\":[\"https:\/\/www.facebook.com\/visualizer.it\/\",\"https:\/\/www.instagram.com\/visualizercommunity\/\",\"https:\/\/www.youtube.com\/channel\/UCXba3X3QgLJ2zTBnVmqqjXA\"]}]}<\/script>\r\n<!-- \/ Yoast SEO plugin. -->","yoast_head_json":{"title":"Benvenuto nella pagina clienti della community Visualizer","description":"Ecco alcuni clienti della community Visualizer, agenzie italiane e internazionali che si sono gi\u00e0 affidate ai servizi della prima community di illustratori dedicata all'arte del layout","robots":{"index":"index","follow":"follow","max-snippet":"max-snippet:-1","max-image-preview":"max-image-preview:large","max-video-preview":"max-video-preview:-1"},"canonical":"https:\/\/www.visualizer.it\/it_it\/clienti\/","og_locale":"it_IT","og_type":"article","og_title":"Benvenuto nella pagina clienti della community Visualizer","og_description":"Ecco alcuni clienti della community Visualizer, agenzie italiane e internazionali che si sono gi\u00e0 affidate ai servizi della prima community di illustratori dedicata all'arte del layout","og_url":"https:\/\/www.visualizer.it\/it_it\/clienti\/","og_site_name":"Visualizer | Storyboard &amp; Layout Community","article_publisher":"https:\/\/www.facebook.com\/visualizer.it\/","article_modified_time":"2018-05-15T13:31:30+00:00","twitter_card":"summary_large_image","schema":{"@context":"https:\/\/schema.org","@graph":[{"@type":"WebPage","@id":"https:\/\/www.visualizer.it\/en\/clienti\/","url":"https:\/\/www.visualizer.it\/en\/clienti\/","name":"Benvenuto nella pagina clienti della community Visualizer","isPartOf":{"@id":"https:\/\/www.visualizer.it\/it_it\/#website"},"datePublished":"2018-02-12T08:40:46+00:00","dateModified":"2018-05-15T13:31:30+00:00","description":"Ecco alcuni clienti della community Visualizer, agenzie italiane e internazionali che si sono gi\u00e0 affidate ai servizi della prima community di illustratori dedicata all'arte del layout","breadcrumb":{"@id":"https:\/\/www.visualizer.it\/en\/clienti\/#breadcrumb"},"inLanguage":"it-IT","potentialAction":[{"@type":"ReadAction","target":["https:\/\/www.visualizer.it\/en\/clienti\/"]}]},{"@type":"BreadcrumbList","@id":"https:\/\/www.visualizer.it\/en\/clienti\/#breadcrumb","itemListElement":[{"@type":"ListItem","position":1,"name":"Home","item":"https:\/\/www.visualizer.it\/it_it\/"},{"@type":"ListItem","position":2,"name":"Clienti"}]},{"@type":"WebSite","@id":"https:\/\/www.visualizer.it\/it_it\/#website","url":"https:\/\/www.visualizer.it\/it_it\/","name":"Visualizer | Storyboard &amp; Layout Community","description":"Community italiana di artisti del layout, storyboard artist, delle illustrazioni per eventi","publisher":{"@id":"https:\/\/www.visualizer.it\/it_it\/#organization"},"potentialAction":[{"@type":"SearchAction","target":{"@type":"EntryPoint","urlTemplate":"https:\/\/www.visualizer.it\/it_it\/?s={search_term_string}"},"query-input":"required name=search_term_string"}],"inLanguage":"it-IT"},{"@type":"Organization","@id":"https:\/\/www.visualizer.it\/it_it\/#organization","name":"Visualizer Community","url":"https:\/\/www.visualizer.it\/it_it\/","logo":{"@type":"ImageObject","inLanguage":"it-IT","@id":"https:\/\/www.visualizer.it\/it_it\/#\/schema\/logo\/image\/","url":"https:\/\/www.visualizer.it\/public\/NEWSITE\/wp-content\/uploads\/2015\/01\/favicon.jpg","contentUrl":"https:\/\/www.visualizer.it\/public\/NEWSITE\/wp-content\/uploads\/2015\/01\/favicon.jpg","width":512,"height":512,"caption":"Visualizer Community"},"image":{"@id":"https:\/\/www.visualizer.it\/it_it\/#\/schema\/logo\/image\/"},"sameAs":["https:\/\/www.facebook.com\/visualizer.it\/","https:\/\/www.instagram.com\/visualizercommunity\/","https:\/\/www.youtube.com\/channel\/UCXba3X3QgLJ2zTBnVmqqjXA"]}]}},"_links":{"self":[{"href":"https:\/\/www.visualizer.it\/it_it\/wp-json\/wp\/v2\/pages\/4683"}],"collection":[{"href":"https:\/\/www.visualizer.it\/it_it\/wp-json\/wp\/v2\/pages"}],"about":[{"href":"https:\/\/www.visualizer.it\/it_it\/wp-json\/wp\/v2\/types\/page"}],"author":[{"embeddable":true,"href":"https:\/\/www.visualizer.it\/it_it\/wp-json\/wp\/v2\/users\/1"}],"replies":[{"embeddable":true,"href":"https:\/\/www.visualizer.it\/it_it\/wp-json\/wp\/v2\/comments?post=4683"}],"version-history":[{"count":11,"href":"https:\/\/www.visualizer.it\/it_it\/wp-json\/wp\/v2\/pages\/4683\/revisions"}],"predecessor-version":[{"id":5089,"href":"https:\/\/www.visualizer.it\/it_it\/wp-json\/wp\/v2\/pages\/4683\/revisions\/5089"}],"wp:attachment":[{"href":"https:\/\/www.visualizer.it\/it_it\/wp-json\/wp\/v2\/media?parent=4683"}],"curies":[{"name":"wp","href":"https:\/\/api.w.org\/{rel}","templated":true}]}}